{"id":23,"date":"2024-02-26T10:25:25","date_gmt":"2024-02-26T09:25:25","guid":{"rendered":"http:\/\/essentialwbbn.es\/?page_id=23"},"modified":"2025-04-09T14:31:40","modified_gmt":"2025-04-09T12:31:40","slug":"nosotros","status":"publish","type":"page","link":"https:\/\/essentialwbbn.es\/eng\/nosotros\/","title":{"rendered":"We"},"content":{"rendered":"<p>[et_pb_section fb_built=\u00bb1&#8243; _builder_version=\u00bb4.24.2&#8243; _module_preset=\u00bbdefault\u00bb custom_padding=\u00bb0px|||||\u00bb global_colors_info=\u00bb{}\u00bb][et_pb_row _builder_version=\u00bb4.24.2&#8243; _module_preset=\u00bbdefault\u00bb custom_padding=\u00bb||0px|||\u00bb global_colors_info=\u00bb{}\u00bb][et_pb_column type=\u00bb4_4&#8243; _builder_version=\u00bb4.24.2&#8243; _module_preset=\u00bbdefault\u00bb global_colors_info=\u00bb{}\u00bb][et_pb_text _builder_version=\u00bb4.24.2&#8243; _dynamic_attributes=\u00bbcontent\u00bb _module_preset=\u00bbdefault\u00bb header_text_align=\u00bbcenter\u00bb custom_margin=\u00bb||10px||false|false\u00bb custom_padding=\u00bb||0px||false|false\u00bb global_colors_info=\u00bb{}\u00bb]@ET-DC@eyJkeW5hbWljIjp0cnVlLCJjb250ZW50IjoicG9zdF90aXRsZSIsInNldHRpbmdzIjp7ImJlZm9yZSI6IjxoMT4iLCJhZnRlciI6IjwvaDE+In19@[\/et_pb_text][\/et_pb_column][\/et_pb_row][et_pb_row column_structure=\u00bb2_5,3_5&#8243; make_equal=\u00bbon\u00bb _builder_version=\u00bb4.27.4&#8243; _module_preset=\u00bbdefault\u00bb custom_margin=\u00bb||||false|false\u00bb custom_padding=\u00bb20px||||false|false\u00bb global_colors_info=\u00bb{}\u00bb][et_pb_column type=\u00bb2_5&#8243; _builder_version=\u00bb4.27.4&#8243; _module_preset=\u00bbdefault\u00bb global_colors_info=\u00bb{}\u00bb][et_pb_image src=\u00bbhttp:\/\/essentialwbbn.es\/wp-content\/uploads\/2025\/03\/imagen-nosotros.jpg\u00bb title_text=\u00bbimagen-nosotros\u00bb _builder_version=\u00bb4.27.4&#8243; _module_preset=\u00bbdefault\u00bb width_tablet=\u00bb\u00bb width_phone=\u00bb\u00bb width_last_edited=\u00bbon|tablet\u00bb max_width_tablet=\u00bb40vw\u00bb max_width_phone=\u00bb60vw\u00bb max_width_last_edited=\u00bbon|phone\u00bb module_alignment=\u00bbcenter\u00bb border_radii=\u00bbon|20px|20px|20px|20px\u00bb global_colors_info=\u00bb{}\u00bb][\/et_pb_image][\/et_pb_column][et_pb_column type=\u00bb3_5&#8243; _builder_version=\u00bb4.27.4&#8243; _module_preset=\u00bbdefault\u00bb custom_css_main_element=\u00bbmargin:auto;\u00bb global_colors_info=\u00bb{}\u00bb][dipi_divider content_type=\u00bbimage\u00bb content_image=\u00bbhttp:\/\/essentialwbbn.es\/wp-content\/uploads\/2024\/02\/essentials_favicon.png\u00bb content_width=\u00bb60px\u00bb _builder_version=\u00bb4.27.4&#8243; _module_preset=\u00bbdefault\u00bb custom_margin=\u00bb||0px||false|false\u00bb custom_padding=\u00bb||30px||false|false\u00bb global_colors_info=\u00bb{}\u00bb][\/dipi_divider][et_pb_text _builder_version=\u00bb4.27.4&#8243; _module_preset=\u00bbdefault\u00bb text_font_size=\u00bb16px\u00bb text_line_height=\u00bb1.6em\u00bb global_colors_info=\u00bb{}\u00bb]<\/p>\n<p><strong>En Essential Wbbn creemos que cada mujer es \u00fanica y merece sentirse <\/strong><strong>protagonista de su propia historia.<\/strong> Nuestro proyecto naci\u00f3 con la idea de crear un espacio exclusivo para quienes buscan moda ba\u00f1o de calidad, elegancia y autenticidad. Aqu\u00ed encontrar\u00e1s dise\u00f1os sencillos, modernos y sofisticados, pensados para realzar tu figura y resaltar tu belleza natural.<\/p>\n<p>Nuestra pasi\u00f3n por el detalle y el compromiso con la excelencia se reflejan en cada prenda confeccionada con tejidos de alta calidad. En Essential Wbbn, la creatividad y el dise\u00f1o se unen para ofrecerte combinaciones de colores, estampados y\u00a0 texturas que aportan alegr\u00eda y buen gusto a tu look, permiti\u00e9ndote celebrar tu esencia en cada ocasi\u00f3n.<\/p>\n<p>Dirigida a mujeres creativas, amantes del dise\u00f1o y exigentes en cuanto a la moda ba\u00f1o, nuestra propuesta nace para inspirarte y acompa\u00f1arte en cada momento, desde la playa hasta esos instantes especiales donde te sientas aut\u00e9ntica. Descubre el universo Essential Wbbn, donde el dise\u00f1o, la calidad y tu personalidad se fusionan para crear una experiencia \u00fanica.<\/p>\n<p><strong>Bienvenida a tu nuevo destino de moda ba\u00f1o.<\/strong><\/p>\n<p>[\/et_pb_text][et_pb_button button_url=\u00bb\/tienda\/\u00bb button_text=\u00bbDescubre nuestros productos\u00bb _builder_version=\u00bb4.27.4&#8243; _module_preset=\u00bbdefault\u00bb global_colors_info=\u00bb{}\u00bb][\/et_pb_button][\/et_pb_column][\/et_pb_row][\/et_pb_section]<\/p>\n","protected":false},"excerpt":{"rendered":"<p><div class=\"et_pb_module dipi_divider dipi_divider_0\">\n\t\t\t\t\n\t\t\t\t\n\t\t\t\t\n\t\t\t\t\n\t\t\t\t\n\t\t\t\t\n\t\t\t\t<div class=\"et_pb_module_inner\">\n\t\t\t\t\t\n            <div class=\"dipi-pixel-divider dipi-pixel-divider-row dipi-pixel-divider-image dipi-pixel-divider-mirror\"><div class=\"dipi-td-decoration  dipi-td-decoration-line dipi-td-first\"><\/div>\n            <img decoding=\"async\" class=\"dipi-td-content\" src=\"http:\/\/essentialwbbn.es\/wp-content\/uploads\/2024\/02\/essentials_favicon.png\" \/><div class=\"dipi-td-decoration  dipi-td-decoration-line dipi-td-second\"><\/div><\/div>\n\t\t\t\t<\/div>\n\t\t\t<\/div>En Essential Wbbn creemos que cada mujer es \u00fanica y merece sentirse protagonista de su propia historia. Nuestro proyecto naci\u00f3 con la idea de crear un espacio exclusivo para quienes buscan moda ba\u00f1o de calidad, elegancia y autenticidad. Aqu\u00ed encontrar\u00e1s dise\u00f1os sencillos, modernos y sofisticados, pensados para [&hellip;]<\/p>\n","protected":false},"author":2,"featured_media":0,"parent":0,"menu_order":0,"comment_status":"closed","ping_status":"closed","template":"","meta":{"_et_pb_use_builder":"on","_et_pb_old_content":"<!-- wp:divi\/placeholder \/-->","_et_gb_content_width":"","footnotes":""},"class_list":["post-23","page","type-page","status-publish","hentry"],"_links":{"self":[{"href":"https:\/\/essentialwbbn.es\/eng\/wp-json\/wp\/v2\/pages\/23","targetHints":{"allow":["GET"]}}],"collection":[{"href":"https:\/\/essentialwbbn.es\/eng\/wp-json\/wp\/v2\/pages"}],"about":[{"href":"https:\/\/essentialwbbn.es\/eng\/wp-json\/wp\/v2\/types\/page"}],"author":[{"embeddable":true,"href":"https:\/\/essentialwbbn.es\/eng\/wp-json\/wp\/v2\/users\/2"}],"replies":[{"embeddable":true,"href":"https:\/\/essentialwbbn.es\/eng\/wp-json\/wp\/v2\/comments?post=23"}],"version-history":[{"count":0,"href":"https:\/\/essentialwbbn.es\/eng\/wp-json\/wp\/v2\/pages\/23\/revisions"}],"wp:attachment":[{"href":"https:\/\/essentialwbbn.es\/eng\/wp-json\/wp\/v2\/media?parent=23"}],"curies":[{"name":"wp","href":"https:\/\/api.w.org\/{rel}","templated":true}]}}