{"id":29,"date":"2024-02-26T10:25:58","date_gmt":"2024-02-26T09:25:58","guid":{"rendered":"http:\/\/essentialwbbn.es\/?page_id=29"},"modified":"2024-04-23T10:51:09","modified_gmt":"2024-04-23T08:51:09","slug":"cuidados-de-la-prenda","status":"publish","type":"page","link":"https:\/\/essentialwbbn.es\/eng\/cuidados-de-la-prenda\/","title":{"rendered":"Garment care"},"content":{"rendered":"<p>[et_pb_section fb_built=\u00bb1&#8243; _builder_version=\u00bb4.24.3&#8243; _module_preset=\u00bbdefault\u00bb custom_margin=\u00bb||||false|false\u00bb custom_padding=\u00bb0px|||||\u00bb global_colors_info=\u00bb{}\u00bb theme_builder_area=\u00bbpost_content\u00bb][et_pb_row _builder_version=\u00bb4.24.2&#8243; _module_preset=\u00bbdefault\u00bb custom_padding=\u00bb||0px|||\u00bb global_colors_info=\u00bb{}\u00bb theme_builder_area=\u00bbpost_content\u00bb][et_pb_column type=\u00bb4_4&#8243; _builder_version=\u00bb4.24.2&#8243; _module_preset=\u00bbdefault\u00bb global_colors_info=\u00bb{}\u00bb theme_builder_area=\u00bbpost_content\u00bb][et_pb_text _builder_version=\u00bb4.24.2&#8243; _dynamic_attributes=\u00bbcontent\u00bb _module_preset=\u00bbdefault\u00bb header_text_align=\u00bbcenter\u00bb custom_margin=\u00bb||10px||false|false\u00bb custom_padding=\u00bb||0px||false|false\u00bb global_colors_info=\u00bb{}\u00bb theme_builder_area=\u00bbpost_content\u00bb]@ET-DC@eyJkeW5hbWljIjp0cnVlLCJjb250ZW50IjoicG9zdF90aXRsZSIsInNldHRpbmdzIjp7ImJlZm9yZSI6IjxoMT4iLCJhZnRlciI6IjwvaDE+In19@[\/et_pb_text][dipi_divider content_type=\u00bbimage\u00bb content_image=\u00bbhttp:\/\/essentialwbbn.es\/wp-content\/uploads\/2024\/02\/essentials_favicon.png\u00bb content_width=\u00bb60px\u00bb _builder_version=\u00bb4.24.2&#8243; _module_preset=\u00bbdefault\u00bb global_colors_info=\u00bb{}\u00bb theme_builder_area=\u00bbpost_content\u00bb][\/dipi_divider][\/et_pb_column][\/et_pb_row][et_pb_row _builder_version=\u00bb4.25.0&#8243; _module_preset=\u00bbdefault\u00bb custom_margin=\u00bb||0px||false|false\u00bb custom_padding=\u00bb10px||0px||false|false\u00bb hover_enabled=\u00bb0&#8243; global_colors_info=\u00bb{}\u00bb theme_builder_area=\u00bbpost_content\u00bb sticky_enabled=\u00bb0&#8243;][et_pb_column type=\u00bb4_4&#8243; _builder_version=\u00bb4.24.2&#8243; _module_preset=\u00bbdefault\u00bb global_colors_info=\u00bb{}\u00bb theme_builder_area=\u00bbpost_content\u00bb][dipi_carousel container_padding=\u00bb30px|30px||30px|false|false\u00bb show_lightbox=\u00bboff\u00bb navigation_prev_icon_yn=\u00bbon\u00bb navigation_prev_icon=\u00bb&#x23;||divi||400&#8243; navigation_next_icon_yn=\u00bbon\u00bb navigation_next_icon=\u00bb&#x24;||divi||400&#8243; navigation_position_left=\u00bb-106px\u00bb navigation_position_right=\u00bb-116px\u00bb columns_tablet=\u00bb3.5&#8243; columns_phone=\u00bb1.5&#8243; columns_last_edited=\u00bbon|desktop\u00bb navigation_phone=\u00bboff\u00bb navigation_last_edited=\u00bboff|phone\u00bb pagination_phone=\u00bboff\u00bb pagination_last_edited=\u00bboff|phone\u00bb _builder_version=\u00bb4.25.0&#8243; _module_preset=\u00bbdefault\u00bb desc_line_height=\u00bb1.6em\u00bb max_width_tablet=\u00bb\u00bb max_width_phone=\u00bb\u00bb max_width_last_edited=\u00bbon|tablet\u00bb module_alignment=\u00bbcenter\u00bb custom_margin=\u00bb||20px||false|false\u00bb hover_enabled=\u00bb0&#8243; global_colors_info=\u00bb{}\u00bb theme_builder_area=\u00bbpost_content\u00bb sticky_enabled=\u00bb0&#8243; columns=\u00bb5&#8243; space_between=\u00bb10&#8243; title_font_size=\u00bb19px\u00bb desc_font_size=\u00bb13px\u00bb][dipi_carousel_child label=\u00bb1&#8243; title_text=\u00bbLavar a mano\u00bb desc_text=\u00bbSignifica que la prenda solo se puede lavar a mano. Sin embargo, no debes preocuparte, ya que muchas lavadoras tienen programas especiales de lavado a mano que son aptos para este tipo de prendas.\u00bb _builder_version=\u00bb4.25.0&#8243; _module_preset=\u00bbdefault\u00bb hover_enabled=\u00bb0&#8243; global_colors_info=\u00bb{}\u00bb theme_builder_area=\u00bbpost_content\u00bb img_src=\u00bbhttp:\/\/essentialwbbn.es\/wp-content\/uploads\/2024\/04\/icono-lavado-lavar-mano.svg\u00bb img_width=\u00bb110px\u00bb sticky_enabled=\u00bb0&#8243;][\/dipi_carousel_child][dipi_carousel_child label=\u00bb2&#8243; title_text=\u00bbNo planchar\u00bb desc_text=\u00bbTu prenda no puede ser planchada debido a su tejido y componentes.\u00bb _builder_version=\u00bb4.25.0&#8243; _module_preset=\u00bbdefault\u00bb hover_enabled=\u00bb0&#8243; global_colors_info=\u00bb{}\u00bb theme_builder_area=\u00bbpost_content\u00bb img_src=\u00bbhttp:\/\/essentialwbbn.es\/wp-content\/uploads\/2024\/04\/icono-lavado-no-planchar.svg\u00bb img_width=\u00bb110px\u00bb sticky_enabled=\u00bb0&#8243;][\/dipi_carousel_child][dipi_carousel_child label=\u00bb3&#8243; title_text=\u00bb No usar blanqueador\u00bb desc_text=\u00bbSignifica que no se permite la lej\u00eda. Si ves este s\u00edmbolo, aseg\u00farate de usar un detergente de color de calidad y libre de componentes que puedan da\u00f1ar las prendas.\u00bb _builder_version=\u00bb4.25.0&#8243; _module_preset=\u00bbdefault\u00bb hover_enabled=\u00bb0&#8243; global_colors_info=\u00bb{}\u00bb theme_builder_area=\u00bbpost_content\u00bb img_src=\u00bbhttp:\/\/essentialwbbn.es\/wp-content\/uploads\/2024\/04\/icono-lavado-no-blanquear.svg\u00bb img_width=\u00bb110px\u00bb sticky_enabled=\u00bb0&#8243;][\/dipi_carousel_child][dipi_carousel_child label=\u00bb4&#8243; title_text=\u00bb No secar en secadora\u00bb desc_text=\u00bb<\/p>\n<p>Algunas prendas no deben ser secadas en secadora. Busca el s\u00edmbolo en la etiqueta para identificarlas y prolongar su vida \u00fatil.\u00a0<\/p>\n<p>\u00bb _builder_version=\u00bb4.25.0&#8243; _module_preset=\u00bbdefault\u00bb hover_enabled=\u00bb0&#8243; global_colors_info=\u00bb{}\u00bb theme_builder_area=\u00bbpost_content\u00bb img_src=\u00bbhttp:\/\/essentialwbbn.es\/wp-content\/uploads\/2024\/04\/icono-lavado-no-secadora.svg\u00bb img_width=\u00bb110px\u00bb sticky_enabled=\u00bb0&#8243;][\/dipi_carousel_child][dipi_carousel_child label=\u00bb5&#8243; title_text=\u00bb No lavar en seco\u00bb desc_text=\u00bbLa prenda no es adecuada para la limpieza en seco.\u00bb _builder_version=\u00bb4.25.0&#8243; _module_preset=\u00bbdefault\u00bb hover_enabled=\u00bb0&#8243; global_colors_info=\u00bb{}\u00bb theme_builder_area=\u00bbpost_content\u00bb img_src=\u00bbhttp:\/\/essentialwbbn.es\/wp-content\/uploads\/2024\/04\/icono-lavado-no-lavar-seco.svg\u00bb img_width=\u00bb110px\u00bb sticky_enabled=\u00bb0&#8243;][\/dipi_carousel_child][\/dipi_carousel][et_pb_icon font_icon=\u00bb&#x24;||divi||400&#8243; icon_color=\u00bb#757575&#8243; icon_width=\u00bb26px\u00bb align=\u00bbright\u00bb disabled_on=\u00bboff|off|on\u00bb _builder_version=\u00bb4.24.2&#8243; _module_preset=\u00bbdefault\u00bb background_color=\u00bb#F5F5F5&#8243; custom_margin=\u00bb-70px||||false|false\u00bb animation_style=\u00bbbounce\u00bb animation_direction=\u00bbleft\u00bb animation_duration=\u00bb3000ms\u00bb animation_delay=\u00bb500ms\u00bb animation_starting_opacity=\u00bb100%\u00bb animation_repeat=\u00bbloop\u00bb border_radii=\u00bbon|50px|50px|50px|50px\u00bb border_width_all=\u00bb10px\u00bb border_color_all=\u00bb#F5F5F5&#8243; global_colors_info=\u00bb{}\u00bb theme_builder_area=\u00bbpost_content\u00bb][\/et_pb_icon][\/et_pb_column][\/et_pb_row][et_pb_row _builder_version=\u00bb4.24.3&#8243; _module_preset=\u00bbdefault\u00bb background_color=\u00bb#F5F5F5&#8243; max_width=\u00bb800px\u00bb border_radii=\u00bbon|14px|14px|14px|14px\u00bb global_colors_info=\u00bb{}\u00bb theme_builder_area=\u00bbpost_content\u00bb][et_pb_column type=\u00bb4_4&#8243; _builder_version=\u00bb4.24.3&#8243; _module_preset=\u00bbdefault\u00bb global_colors_info=\u00bb{}\u00bb theme_builder_area=\u00bbpost_content\u00bb][et_pb_text _builder_version=\u00bb4.25.0&#8243; _module_preset=\u00bbdefault\u00bb background_color=\u00bbRGBA(255,255,255,0)\u00bb text_orientation=\u00bbcenter\u00bb module_alignment=\u00bbcenter\u00bb custom_margin=\u00bb||||false|false\u00bb custom_padding=\u00bb0px|30px|0px|30px|false|true\u00bb hover_enabled=\u00bb0&#8243; border_radii=\u00bbon|14px|14px|14px|14px\u00bb global_colors_info=\u00bb{}\u00bb theme_builder_area=\u00bbpost_content\u00bb sticky_enabled=\u00bb0&#8243;]<\/p>\n<h4>\u00a1Si tienes cualquier duda sobre como lavar nuestras prendas, puedes pedirnos ayuda!<\/h4>\n<p>[\/et_pb_text][et_pb_button button_url=\u00bb\/contacto\/\u00bb button_text=\u00bbCont\u00e1ctanos\u00bb button_alignment=\u00bbcenter\u00bb _builder_version=\u00bb4.24.3&#8243; _module_preset=\u00bbdefault\u00bb custom_margin=\u00bb||||false|false\u00bb global_colors_info=\u00bb{}\u00bb theme_builder_area=\u00bbpost_content\u00bb][\/et_pb_button][\/et_pb_column][\/et_pb_row][\/et_pb_section]<\/p>\n","protected":false},"excerpt":{"rendered":"<p><div class=\"et_pb_module dipi_divider dipi_divider_0\">\n\t\t\t\t\n\t\t\t\t\n\t\t\t\t\n\t\t\t\t\n\t\t\t\t\n\t\t\t\t\n\t\t\t\t<div class=\"et_pb_module_inner\">\n\t\t\t\t\t\n            <div class=\"dipi-pixel-divider dipi-pixel-divider-row dipi-pixel-divider-image dipi-pixel-divider-mirror\"><div class=\"dipi-td-decoration  dipi-td-decoration-line dipi-td-first\"><\/div>\n            <img decoding=\"async\" class=\"dipi-td-content\" src=\"http:\/\/essentialwbbn.es\/wp-content\/uploads\/2024\/02\/essentials_favicon.png\" \/><div class=\"dipi-td-decoration  dipi-td-decoration-line dipi-td-second\"><\/div><\/div>\n\t\t\t\t<\/div>\n\t\t\t<\/div><div class=\"et_pb_module dipi_carousel dipi_carousel_0\">\n\t\t\t\t\n\t\t\t\t\n\t\t\t\t\n\t\t\t\t\n\t\t\t\t\n\t\t\t\t\n\t\t\t\t<div class=\"et_pb_module_inner\">\n\t\t\t\t\t\n            <div class=\"dipi-carousel-main dipi_loading hide_lightbox hide_lightbox_tablet hide_lightbox_phone\" data-columnsdesktop='5' data-columnstablet='3.5' data-columnsphone='1.5' data-spacebetween='10' data-spacebetween_tablet='10' data-spacebetween_phone='10' data-speed='500|500|500' data-navigation='off' data-navigation_t='off' data-navigation_m='off' data-pagination='off' data-pagination_t='off' data-pagination_m='off' data-autoplay_settigns='{\"loop_wide\":\"off\",\"autoplay_wide\":\"off\",\"continues_wide\":\"off\",\"autoplay_reverse_wide\":\"off\",\"pause_on_hover_wide\":\"off\",\"autoplay_speed_wide\":\"5000\",\"loop_mid\":\"off\",\"autoplay_mid\":\"off\",\"continues_mid\":\"off\",\"autoplay_reverse_mid\":\"off\",\"pause_on_hover_mid\":\"off\",\"autoplay_speed_mid\":\"5000\",\"loop_small\":\"off\",\"autoplay_small\":\"off\",\"continues_small\":\"off\",\"autoplay_reverse_small\":\"off\",\"pause_on_hover_small\":\"off\",\"autoplay_speed_small\":\"5000\"}' data-effect='slide' data-rotate='50' data-dynamicbullets='on' data-ordernumber='0' data-centered='off' data-allow_touch_move='on' data-allow_touch_move_t='on' data-allow_touch_move_p='on' data-shadow='on' data-continues='off' style=\"display:none;\">\n                <div class=\"swiper-container\">\n                    <div class=\"dipi-carousel-wrapper\">\n                        \n                    <\/div>\n                <\/div>\n                <div class=\"swiper-button-next swiper-arrow-button dipi-sbn0\" data-icon=\"&#x24;\"><\/div>\n                <div class=\"swiper-button-prev swiper-arrow-button dipi-sbp0\" data-icon=\"&#x23;\"><\/div>\n                \n                <div class=\"swiper-container-horizontal\">\n                    <div class=\"swiper-pagination dipi-sp0\"><\/div>\n                <\/div>\n            <\/div>\n\t\t\t\t<\/div>\n\t\t\t<\/div><div class=\"et_pb_module dipi_carousel_child dipi_carousel_child_0\">\n\t\t\t\t\n\t\t\t\t\n\t\t\t\t\n\t\t\t\t\n\t\t\t\t\n\t\t\t\t\n\t\t\t\t<div class=\"et_pb_module_inner\">\n\t\t\t\t\t\n            <div class=\"dipi-carousel-child-wrapper\">\n                \n                \n                \n                <div class=\"dipi-carousel-item-content\">\n                    \n                    <h2 class=\"dipi-carousel-item-title\">\u00bbLavar<\/h2>\n                    <div class=\"dipi-carousel-item-desc\">\u00bbSignifica<\/div>\n                    \n                    \n                <\/div>\n            <\/div>\n\t\t\t\t<\/div>\n\t\t\t<\/div><\/p>","protected":false},"author":2,"featured_media":0,"parent":0,"menu_order":0,"comment_status":"closed","ping_status":"closed","template":"","meta":{"_et_pb_use_builder":"on","_et_pb_old_content":"<!-- wp:divi\/placeholder \/-->","_et_gb_content_width":"","footnotes":""},"class_list":["post-29","page","type-page","status-publish","hentry"],"_links":{"self":[{"href":"https:\/\/essentialwbbn.es\/eng\/wp-json\/wp\/v2\/pages\/29","targetHints":{"allow":["GET"]}}],"collection":[{"href":"https:\/\/essentialwbbn.es\/eng\/wp-json\/wp\/v2\/pages"}],"about":[{"href":"https:\/\/essentialwbbn.es\/eng\/wp-json\/wp\/v2\/types\/page"}],"author":[{"embeddable":true,"href":"https:\/\/essentialwbbn.es\/eng\/wp-json\/wp\/v2\/users\/2"}],"replies":[{"embeddable":true,"href":"https:\/\/essentialwbbn.es\/eng\/wp-json\/wp\/v2\/comments?post=29"}],"version-history":[{"count":0,"href":"https:\/\/essentialwbbn.es\/eng\/wp-json\/wp\/v2\/pages\/29\/revisions"}],"wp:attachment":[{"href":"https:\/\/essentialwbbn.es\/eng\/wp-json\/wp\/v2\/media?parent=29"}],"curies":[{"name":"wp","href":"https:\/\/api.w.org\/{rel}","templated":true}]}}