{"id":31,"date":"2024-02-26T10:26:10","date_gmt":"2024-02-26T09:26:10","guid":{"rendered":"http:\/\/essentialwbbn.es\/?page_id=31"},"modified":"2024-04-19T13:26:36","modified_gmt":"2024-04-19T11:26:36","slug":"condiciones-generales","status":"publish","type":"page","link":"https:\/\/essentialwbbn.es\/eng\/condiciones-generales\/","title":{"rendered":"General Terms and Conditions"},"content":{"rendered":"<p>[et_pb_section fb_built=\u00bb1&#8243; _builder_version=\u00bb4.24.2&#8243; _module_preset=\u00bbdefault\u00bb custom_padding=\u00bb0px|||||\u00bb global_colors_info=\u00bb{}\u00bb][et_pb_row _builder_version=\u00bb4.24.2&#8243; _module_preset=\u00bbdefault\u00bb custom_padding=\u00bb||0px|||\u00bb global_colors_info=\u00bb{}\u00bb][et_pb_column type=\u00bb4_4&#8243; _builder_version=\u00bb4.24.2&#8243; _module_preset=\u00bbdefault\u00bb global_colors_info=\u00bb{}\u00bb][et_pb_text _builder_version=\u00bb4.24.2&#8243; _dynamic_attributes=\u00bbcontent\u00bb _module_preset=\u00bbdefault\u00bb header_text_align=\u00bbcenter\u00bb custom_margin=\u00bb||10px||false|false\u00bb custom_padding=\u00bb||0px||false|false\u00bb global_colors_info=\u00bb{}\u00bb]@ET-DC@eyJkeW5hbWljIjp0cnVlLCJjb250ZW50IjoicG9zdF90aXRsZSIsInNldHRpbmdzIjp7ImJlZm9yZSI6IjxoMT4iLCJhZnRlciI6IjwvaDE+In19@[\/et_pb_text][dipi_divider content_type=\u00bbimage\u00bb content_image=\u00bbhttp:\/\/essentialwbbn.es\/wp-content\/uploads\/2024\/02\/essentials_favicon.png\u00bb content_width=\u00bb60px\u00bb _builder_version=\u00bb4.24.2&#8243; _module_preset=\u00bbdefault\u00bb global_colors_info=\u00bb{}\u00bb][\/dipi_divider][et_pb_text _builder_version=\u00bb4.24.2&#8243; _module_preset=\u00bbdefault\u00bb link_font=\u00bb||||on||||\u00bb global_colors_info=\u00bb{}\u00bb]<\/p>\n<h2>Informaci\u00f3n previa al proceso contractual<\/h2>\n<p>La presente p\u00e1gina web www.essentialwbbn.es es propiedad de BABY NIT SL con NIF B63025753 y direcci\u00f3n fiscal en C\/ ANOIA S\/N NAVE 7 POLIGONO INDUSTRIAL URVASA 08130, SANTA PERPETUA DE MOGODA (BARCELONA).<\/p>\n<p>Las condiciones Generales de Contrataci\u00f3n regulan la relaci\u00f3n de venta a distancia entre BABY NIT SL y el usuario o cliente, de acuerdo con las estipulaciones legales, en especial, la Ley 7\/1998, de 13 de abril, sobre Condiciones Generales de Contrataci\u00f3n, la Ley 3\/2014, de 27 de marzo por la que se modifica el texto refundido de la Ley General para la Defensa de los consumidores y Usuarios, Ley Org\u00e1nica 3\/2018, de 5 de diciembre, de Protecci\u00f3n de Datos Personales y garant\u00eda de los derechos digitales, Reglamento General de Protecci\u00f3n de Datos (UE) 2016\/679, la Ley 7\/1996, de 15 de enero de Ordenaci\u00f3n del Comercio Minorista, y a la Ley 34\/2002 de 11 de julio, de Servicios de la Sociedad de la Informaci\u00f3n y de Comercio Electr\u00f3nico.<\/p>\n<p>BABY NIT SL se reserva el derecho a realizar las modificaciones que considere oportunas, sin aviso previo, en las Condiciones Generales. Dichas modificaciones podr\u00e1n realizarse, a trav\u00e9s de sus websites, por cualquier forma admisible en derecho y ser\u00e1n de obligado cumplimiento durante el tiempo en que se encuentren publicadas en la web y hasta que no sean modificadas v\u00e1lidamente por otras posteriores. No obstante, BABY NIT SL se reserva el derecho de aplicar, en determinados casos, unas Condiciones Particulares de Contrataci\u00f3n con preferencia a las presentes Condiciones Generales cuando lo considere oportuno, anunci\u00e1ndolas en tiempo y forma oportunos.<\/p>\n<p>El objeto de la p\u00e1gina web es Confecci\u00f3n de prendas de vestir.<\/p>\n<p>La duraci\u00f3n del contrato quedar\u00e1 vinculada a la entrega del producto sin perjuicio del derecho de desistimiento.<\/p>\n<p>Como usuario o cliente declara expresamente conocer, entender y aceptar las condiciones de uso y estas condiciones generales de contrataci\u00f3n. Del mismo modo, declara ser mayor de edad y tener la capacidad jur\u00eddica y de obrar necesarias para el acceso a los sitios web de BABY NIT SL y la contrataci\u00f3n por medio de los mismos.<\/p>\n<p>La Comisi\u00f3n Europea facilita una plataforma de resoluci\u00f3n de litigios en l\u00ednea que se encuentra disponible en el siguiente enlace: http:\/\/ec.europa.eu\/consumers\/odr\/<\/p>\n<p>Para adquirir nuestros productos, usted puede dirigirse al apartado correspondiente de nuestra tienda online.<\/p>\n<p>Podr\u00e1 registrarse como usuario de la web para realizar la compra online en el apartado correspondiente en la propia web. De conformidad con la normativa aplicable y vigente en materia de protecci\u00f3n de datos, BABY NIT SL informa a los usuarios que los datos personales recabados durante el proceso de registro y posterior compra, ser\u00e1n incorporados al sistema de tratamiento titularidad de BABY NIT SL, con la finalidad de tramitar dichas acciones por parte del usuario y gestionar actuaciones posteriores derivadas de las mismas.<\/p>\n<p>Sus datos se conservaran el plazo estrictamente necesario para cumplir con las finalidades anteriormente previstas, salvo obligaci\u00f3n legal de conservaci\u00f3n.<\/p>\n<p>Le informamos que la base legal del tratamiento de sus datos es la correcta ejecuci\u00f3n del contrato entre las partes y el consentimiento.<\/p>\n<p>De acuerdo con los derechos que le confiere la normativa vigente en protecci\u00f3n de datos podr\u00e1 ejercer los derechos de acceso, rectificaci\u00f3n, limitaci\u00f3n de tratamiento, supresi\u00f3n, portabilidad y oposici\u00f3n al tratamiento de sus datos de car\u00e1cter personal as\u00ed como del consentimiento prestado para el tratamiento de los mismos, dirigiendo su petici\u00f3n a la direcci\u00f3n mencionada m\u00e1s arriba o al formulario de contacto<\/p>\n<p>Podr\u00e1 dirigirse a la Autoridad de Control competente para presentar la reclamaci\u00f3n que considere oportuna.<\/p>\n<p>Durante el proceso de compra deber\u00e1 identificarse con el nombre de usuario y la contrase\u00f1a proporcionados. Estos datos no ser\u00e1n p\u00fablicos. Usted se hace responsable de tratar confidencial y responsablemente la identidad y contrase\u00f1a obtenidas en el registro como cliente, no pudiendo cederlas a otro. Puede modificar la informaci\u00f3n registrada en cualquier momento, en su \u00e1rea de cliente. En este mismo apartado usted tendr\u00e1 acceso a un hist\u00f3rico de sus pedidos, est\u00e9 s\u00f3lo es un apartado de consulta pero se permite su gesti\u00f3n, pudiendo el usuario eliminar aquellos registros que considere no es necesario visualizar.<\/p>\n<p>Finalizado el proceso de compra el cliente recibir\u00e1 una confirmaci\u00f3n del mismo por correo electr\u00f3nico. Es imprescindible que durante el proceso de compra el usuario indique un correo electr\u00f3nico v\u00e1lido. Si en 24 horas desde la finalizaci\u00f3n del pedido no recibe la confirmaci\u00f3n, p\u00f3ngase en contacto con BABY NIT SL en el tel\u00e9fono de atenci\u00f3n al cliente 935740210 o mediante el formulario de contacto<\/p>\n<p>Todos los contenidos de la web est\u00e1n en espa\u00f1ol.<\/p>\n<p>El cliente, al recibir el producto en la direcci\u00f3n de entrega facilitada, recibir\u00e1 una factura o copia del pedido.<\/p>\n<p>&nbsp;<\/p>\n<h2>Oferta y vigencia<\/h2>\n<p>En caso de un producto en oferta, siempre se indicar\u00e1 junto a sus caracter\u00edsticas esenciales, el precio de oferta y la validez de la misma.<\/p>\n<p>En cumplimiento de la normativa vigente BABY NIT SL ofrece informaci\u00f3n sobre todos los art\u00edculos en venta, sus caracter\u00edsticas y precios. No obstante, BABY NIT SL se reserva el derecho a retirar, reponer o cambiar los productos que se ofrecen a trav\u00e9s de su p\u00e1gina web, mediante el simple cambio en el contenido de la misma. De esta forma, los productos ofrecidos en cada momento por la web se regir\u00e1n por las Condiciones Generales de Contrataci\u00f3n vigentes en cada caso. Asimismo, la empresa tendr\u00e1 la facultad de dejar de ofrecer, sin previo aviso y en cualquier momento, el acceso a los productos mencionados.<\/p>\n<p>&nbsp;<\/p>\n<h2>Caracter\u00edsticas esenciales de los productos<\/h2>\n<p>Los productos ofertados en nuestra tienda online, incorporan una fotograf\u00eda y las caracter\u00edsticas esenciales del mismo, esta es la informaci\u00f3n obtenida del propio fabricante. El color del producto, observable en la fotograf\u00eda no es vinculante. En las caracter\u00edsticas se identifica el mismo.<\/p>\n<p>&nbsp;<\/p>\n<h2>Garant\u00edas<\/h2>\n<p>Todos los productos ofrecidos en la p\u00e1gina web gozan de la garant\u00eda comercial del proveedor del mismo. BABY NIT SL dispone de un servicio de posventa, mientras est\u00e9 vigente la garant\u00eda, el cliente podr\u00e1 ejecutarla dirigi\u00e9ndose al establecimiento de BABY NIT SL, al servicio de posventa, por formulario de contacto o a los puntos establecidos por el propio proveedor. En caso de duda podr\u00e1 dirigirse al tel\u00e9fono de atenci\u00f3n al cliente 935740210 o mediante el formulario de contacto.<\/p>\n<p>&nbsp;<\/p>\n<h2>Precios<\/h2>\n<p>Todos los productos indican el precio de venta en Euros e incluyen el Impuesto sobre el Valor A\u00f1adido (IVA). Si fuera aplicable cualquier otro impuesto, as\u00ed se indicar\u00eda (IGIC o IPSI).<br \/>Gastos de entrega y transporte<\/p>\n<p>BABY NIT SL realiza env\u00edos por Pen\u00ednsula, Baleares, Canarias, y Europa, no hacemos env\u00edos a Andorra<\/p>\n<p>BABY NIT SL cobrar\u00e1 una cantidad de 5 Euros para env\u00edos nacionales y de 15,00 Euros para los env\u00edos internacionales en concepto de gastos de env\u00edo.<\/p>\n<p>El cliente podr\u00e1 visualizar los costes de env\u00edo y transporte antes de finalizar la compra.<\/p>\n<p>&nbsp;<\/p>\n<h2>Formas de pago<\/h2>\n<p>El cliente podr\u00e1 abonar el importe de su pedido optando por cualquiera de las siguientes formas. Durante el proceso de compra deber\u00e1 indicar su elecci\u00f3n:<\/p>\n<p><strong>\u00a0\u2013 Tarjeta de cr\u00e9dito VISA o MASTERCARD<\/strong><\/p>\n<p>\u00a0Todas las operaciones que implican la transmisi\u00f3n de datos personales o bancarios se realizan utilizando un entorno seguro, un servidor basado en la tecnolog\u00eda de seguridad est\u00e1ndar SSL (Secure Sockets Layer). Toda la informaci\u00f3n que nos transmita viaja cifrada a trav\u00e9s de la red.<\/p>\n<p>\u00a0Asimismo los datos sobre su tarjeta de cr\u00e9dito son introducidos directamente en la p\u00e1gina del banco, en el TPV (Terminal Punto de venta del Banco) y no son introducidos ni registrados en ning\u00fan servidor de BABY NIT SL.<\/p>\n<p>\u00a0Asimismo los datos sobre su tarjeta de cr\u00e9dito son introducidos directamente en la p\u00e1gina del banco, en el TPV Virtual (Redsys) y no son introducidos ni registrados en ning\u00fan servidor de BABY NIT SL. Para pagar se conectar\u00e1 directamente a la plataforma de pago electr\u00f3nico Redsys https:\/\/sis.redsys.es\/sis\/realizarPago.<\/p>\n<p>Para m\u00e1s informaci\u00f3n, puede consultar el siguiente enlace: http:\/\/www.redsys.es.<\/p>\n<p>Asimismo los datos sobre su tarjeta de cr\u00e9dito son introducidos directamente en la p\u00e1gina del banco, en el TPV Virtual (Stripe) y no son introducidos ni registrados en ning\u00fan servidor de BABY NIT SL. Para pagar se conectar\u00e1 directamente a la plataforma de pago electr\u00f3nico Stripe.<\/p>\n<p>\u00a0Para m\u00e1s informaci\u00f3n, puede consultar el siguiente enlace: www.stripe.com.<\/p>\n<p>Al pagar con tarjeta VISA o MASTERCARD se le solicitar\u00e1n siempre los siguientes datos: el n\u00famero de tarjeta, la fecha de caducidad, y un C\u00f3digo de Validaci\u00f3n que coincide con las tres \u00faltimas cifras del n\u00famero impreso en cursiva en el reverso de su tarjeta VISA o MASTERCARD, ofreciendo, de esta forma, m\u00e1s garant\u00edas acerca de la seguridad de la transacci\u00f3n.<\/p>\n<p>Esta forma de pago es v\u00e1lida \u00fanicamente en la web.<\/p>\n<p>Cuando el importe de una compra hubiese sido cargado fraudulenta o indebidamente utilizando el n\u00famero de una tarjeta de pago, su titular podr\u00e1 exigir la inmediata anulaci\u00f3n del cargo. En tal caso, las correspondientes anotaciones de adeudo y reabono en las cuentas del proveedor y del titular se efectuar\u00e1n a la mayor brevedad.<\/p>\n<p>\u00a0Sin embargo, si la compra hubiese sido efectivamente realizada por el titular de la tarjeta y la exigencia de devoluci\u00f3n no fuera consecuencia de haberse ejercido el derecho de desistimiento o de resoluci\u00f3n y, por tanto, hubiese exigido indebidamente la anulaci\u00f3n del correspondiente cargo, aquel quedar\u00e1 obligado frente a BABY NIT SL al resarcimiento de los da\u00f1os y perjuicios ocasionados como consecuencia de dicha anulaci\u00f3n.<\/p>\n<p><strong>\u2013 Transferencia Bancaria<\/strong><\/p>\n<p>Al seleccionar la transferencia bancaria recibir\u00e1, junto con la confirmaci\u00f3n de su pedido, un e-mail con los datos bancarios de BABY NIT SL.<\/p>\n<p>Es muy importante que al realizar la transferencia indique en el asunto el n\u00famero de pedido, as\u00ed como su nombre y apellidos, y realice la transferencia dentro de los 3 d\u00edas posteriores a la fecha de confirmaci\u00f3n del pedido para poder validarlo.<\/p>\n<p>Si lo desea, puede enviarnos el justificante de la transferencia por formulario de contacto. Pero en cualquier caso, no se considerar\u00e1 efectivo el pedido hasta que nuestro departamento de administraci\u00f3n no tenga confirmaci\u00f3n bancaria de la transferencia.<\/p>\n<p>Recordarle que el pago se tiene que realizar en EUROS y que todas las eventuales comisiones de cambio y bancarias corren por su cuenta.<\/p>\n<p>En el caso de transferencias bancarias realizadas desde fuera de Espa\u00f1a, es muy importante que al ordenar la transferencia comunique siempre a su banco hacerse cargo de las comisiones en origen, aquellas comisiones bancarias y gastos correspondientes a su entidad. De no ser as\u00ed, BABY NIT SL podr\u00eda paralizar el env\u00edo de su pedido al no recibir la cantidad \u00edntegra del mismo.<\/p>\n<p>Las posibles comisiones de cambio y bancarias corren a cargo del cliente.<\/p>\n<p>&nbsp;<\/p>\n<h2>Ejecuci\u00f3n del servicio<\/h2>\n<p>BABY NIT SL informa que la entrega del pedido a territorio nacional puede tardar entre 2 y 3 d\u00edas laborales. En env\u00edo internacional puede tardar entre 2 y 6 d\u00edas laborales. Excepto cuando BABY NIT SL no disponga de stock, entonces puede tardar hasta un m\u00e1ximo de 30 d\u00edas naturales.<\/p>\n<p>La disponibilidad de los productos ofrecidos por BABY NIT SL puede variar en funci\u00f3n de la demanda de los clientes. Pese a que BABY NIT SL actualiza el stock peri\u00f3dicamente, el producto solicitado por el cliente podr\u00eda estar agotado en ese momento. En caso de no ejecuci\u00f3n por indisponibilidad, BABY NIT SL en el momento que tenga conocimiento de esta situaci\u00f3n lo notificar\u00e1 al cliente, por medio de un correo electr\u00f3nico. El periodo de esta comunicaci\u00f3n no superar\u00e1 en ning\u00fan caso el plazo m\u00e1ximo de 30 d\u00edas. BABY NIT SL podr\u00e1 dar la doble opci\u00f3n de: suministrar al cliente sin aumento de precio, un producto de caracter\u00edsticas similares o de superior calidad, o salvo razones justificadas y demostrables por BABY NIT SL dentro de este mismo periodo abonar las sumas pagadas por el pedido anulado.<\/p>\n<p>&nbsp;<\/p>\n<h2>Derecho de desistimiento<\/h2>\n<p>\u00a0El comprador dispondr\u00e1 de un plazo de catorce d\u00edas naturales para desistir, a partir del d\u00eda que el cliente reciba el producto, sin penalizaci\u00f3n alguna y sin indicaci\u00f3n de los motivos.<\/p>\n<p>\u00a0El ejercicio del derecho de desistimiento deber\u00e1 realizarse mediante notificaci\u00f3n a trav\u00e9s comunicaci\u00f3n telef\u00f3nica a 935740210, dirigi\u00e9ndose al formulario de contacto, remitiendo su escrito a nuestra direcci\u00f3n postal C\/ ANOIA S\/N NAVE 7 POLIGONO INDUSTRIAL URVASA 08130, SANTA PERPETUA DE MOGODA (BARCELONA), o bien a trav\u00e9s del formulario de contacto<\/p>\n<p>&nbsp;<\/p>\n<h2>DUDAS<\/h2>\n<h3>\u00bfCU\u00c1NDO RECIBES TUS PEDIDO?<\/h3>\n<p>El plazo de entrega es de 48h al domicilio que nos indiques, desde que sale de nuestras instalaciones, excluyendo fines de semana y d\u00edas festivos, en el caso de encontrarte ausente, la agencia de transportes se pondr\u00e1 en contacto contigo para realizar un nuevo intento de entrega.<\/p>\n<p>Nuestros env\u00edos se realizan con la empresa TIPSA, las cual es una referente en el sector de paqueter\u00eda.<\/p>\n<p>*En \u00e9poca de rebajas, Navidad, o Black Friday la fecha de entrega puede verse afectada<\/p>\n<p>&nbsp;<\/p>\n<h3>\u00bfPUEDO DEVOLVER MI PEDIDO?<\/h3>\n<h3>DEVOLUCI\u00d3N<\/h3>\n<p>Tiene un plazo de 14 d\u00edas para hacer la devoluci\u00f3n completa del pedido. Tambi\u00e9n puede devolver parte del pedido.<\/p>\n<p>Indique en el formulario el motivo y franja horaria (ma\u00f1ana o tarde) para gestionar la recogida.<\/p>\n<p>Una vez recibida la mercanc\u00eda en nuestras oficinas, y previa comprobaci\u00f3n del estado de la misma, se reembolsar\u00e1 el importe total del pedido o parcial en la misma plataforma que se realiz\u00f3 el pago, pero nunca los gastos de env\u00edo (salvo error nuestro). No se realizar\u00e1 el abono hasta que hayamos recibido el producto y comprobado su perfecto estado.<\/p>\n<p>&nbsp;<\/p>\n<h3>\u00bfQU\u00c9 PASA SI EL ART\u00cdCULO QUE ME LLEGA TIENE UN PROBLEMA DE FABRICACI\u00d3N?<\/h3>\n<p>El compromiso de Essentials WBBN es ofrecer la m\u00e1xima calidad y lograr una total satisfacci\u00f3n de nuestros clientes. Por lo tanto, si cuando reciba su pedido no queda satisfecho con alguno de sus art\u00edculos, tiene un plazo de catorce (14) d\u00edas naturales a contar desde la fecha de su recepci\u00f3n para ser devueltos.<\/p>\n<p>&nbsp;<\/p>\n<h3>\u00bfQU\u00c9 OCURRE SI HAY UN ERROR DE PRECIO EN LA P\u00c1GINA WEB?<\/h3>\n<p>Los errores telem\u00e1ticos en precios en la web no condicionan el env\u00edo del modelo. Por lo que si por error telem\u00e1tico un art\u00edculo marca un precio que no es el correcto no se proceder\u00e1 al env\u00edo del mismo a no ser que se abone el importe correcto.<\/p>\n<p>&nbsp;<\/p>\n<h3>Devoluci\u00f3n del producto defectuoso<\/h3>\n<p>\u00a0En el caso de que el producto no se encuentre en buen estado y las causas imputables a este, no sean consecuencia del cliente, este tendr\u00e1 derecho a la devoluci\u00f3n del producto, informando a BABY NIT SL del motivo de devoluci\u00f3n a trav\u00e9s de cualquiera de los medios facilitados en las presentes condiciones de contrataci\u00f3n, y sin coste alguno para el cliente. Esta devoluci\u00f3n por motivo de defecto o mal estado del producto no ser\u00e1 considerada un derecho de desistimiento.<\/p>\n<p>\u00a0BABY NIT SL se compromete a asumir el coste de la devoluci\u00f3n y a restituir el producto por uno nuevo de acuerdo con condiciones aceptadas en el momento de la venta.<\/p>\n<p>Si el cliente desea presentar una reclamaci\u00f3n, el establecimiento de BABY NIT SL est\u00e1 situado en C\/ ANOIA S\/N NAVE 7 POLIGONO INDUSTRIAL URVASA 08130, SANTA PERPETUA DE MOGODA (BARCELONA) o a trav\u00e9s del <a href=\"\/contacto\/\">formulario de contacto<\/a><\/p>\n<p>&nbsp;<\/p>\n<h2>Jurisdicci\u00f3n<\/h2>\n<p>Asimismo, BABY NIT SL se reserva la facultad de presentar las acciones civiles o penales que considere oportunas por la utilizaci\u00f3n indebida de su sitio web y contenidos o por el incumplimiento de las presentes condiciones.<\/p>\n<p>La relaci\u00f3n entre el usuario y el prestador se regir\u00e1 por la normativa vigente y de aplicaci\u00f3n en el territorio espa\u00f1ol. De surgir cualquier controversia las partes podr\u00e1n someter sus conflictos a arbitraje o acudir a la jurisdicci\u00f3n ordinaria cumpliendo con las normas sobre jurisdicci\u00f3n y competencia al respecto. BABY NIT SL tiene su domicilio en BARCELONA, Espa\u00f1a.<\/p>\n<p>&nbsp;<\/p>\n<p><em>\u00daLTIMA ACTUALIZACI\u00d3N: 14 de marzo de 2024<\/em><\/p>\n<p>[\/et_pb_text][\/et_pb_column][\/et_pb_row][\/et_pb_section]<\/p>\n","protected":false},"excerpt":{"rendered":"<p><div class=\"et_pb_module dipi_divider dipi_divider_0\">\n\t\t\t\t\n\t\t\t\t\n\t\t\t\t\n\t\t\t\t\n\t\t\t\t\n\t\t\t\t\n\t\t\t\t<div class=\"et_pb_module_inner\">\n\t\t\t\t\t\n            <div class=\"dipi-pixel-divider dipi-pixel-divider-row dipi-pixel-divider-image dipi-pixel-divider-mirror\"><div class=\"dipi-td-decoration  dipi-td-decoration-line dipi-td-first\"><\/div>\n            <img decoding=\"async\" class=\"dipi-td-content\" src=\"http:\/\/essentialwbbn.es\/wp-content\/uploads\/2024\/02\/essentials_favicon.png\" \/><div class=\"dipi-td-decoration  dipi-td-decoration-line dipi-td-second\"><\/div><\/div>\n\t\t\t\t<\/div>\n\t\t\t<\/div>Informaci\u00f3n previa al proceso contractual La presente p\u00e1gina web www.essentialwbbn.es es propiedad de BABY NIT SL con NIF B63025753 y direcci\u00f3n fiscal en C\/ ANOIA S\/N NAVE 7 POLIGONO INDUSTRIAL URVASA 08130, SANTA PERPETUA DE MOGODA (BARCELONA). Las condiciones Generales de Contrataci\u00f3n regulan la relaci\u00f3n de venta a distancia [&hellip;]<\/p>\n","protected":false},"author":2,"featured_media":0,"parent":0,"menu_order":0,"comment_status":"closed","ping_status":"closed","template":"","meta":{"_et_pb_use_builder":"on","_et_pb_old_content":"<!-- wp:divi\/placeholder \/-->","_et_gb_content_width":"","footnotes":""},"class_list":["post-31","page","type-page","status-publish","hentry"],"_links":{"self":[{"href":"https:\/\/essentialwbbn.es\/eng\/wp-json\/wp\/v2\/pages\/31","targetHints":{"allow":["GET"]}}],"collection":[{"href":"https:\/\/essentialwbbn.es\/eng\/wp-json\/wp\/v2\/pages"}],"about":[{"href":"https:\/\/essentialwbbn.es\/eng\/wp-json\/wp\/v2\/types\/page"}],"author":[{"embeddable":true,"href":"https:\/\/essentialwbbn.es\/eng\/wp-json\/wp\/v2\/users\/2"}],"replies":[{"embeddable":true,"href":"https:\/\/essentialwbbn.es\/eng\/wp-json\/wp\/v2\/comments?post=31"}],"version-history":[{"count":0,"href":"https:\/\/essentialwbbn.es\/eng\/wp-json\/wp\/v2\/pages\/31\/revisions"}],"wp:attachment":[{"href":"https:\/\/essentialwbbn.es\/eng\/wp-json\/wp\/v2\/media?parent=31"}],"curies":[{"name":"wp","href":"https:\/\/api.w.org\/{rel}","templated":true}]}}