{"id":33,"date":"2024-02-26T10:26:59","date_gmt":"2024-02-26T09:26:59","guid":{"rendered":"http:\/\/essentialwbbn.es\/?page_id=33"},"modified":"2024-04-19T13:24:45","modified_gmt":"2024-04-19T11:24:45","slug":"aviso-legal","status":"publish","type":"page","link":"https:\/\/essentialwbbn.es\/eng\/aviso-legal\/","title":{"rendered":"Legal notice"},"content":{"rendered":"<p>[et_pb_section fb_built=\u00bb1&#8243; _builder_version=\u00bb4.24.2&#8243; _module_preset=\u00bbdefault\u00bb custom_padding=\u00bb0px|||||\u00bb global_colors_info=\u00bb{}\u00bb][et_pb_row _builder_version=\u00bb4.24.2&#8243; _module_preset=\u00bbdefault\u00bb custom_padding=\u00bb||0px|||\u00bb global_colors_info=\u00bb{}\u00bb][et_pb_column type=\u00bb4_4&#8243; _builder_version=\u00bb4.24.2&#8243; _module_preset=\u00bbdefault\u00bb global_colors_info=\u00bb{}\u00bb][et_pb_text _builder_version=\u00bb4.24.2&#8243; _dynamic_attributes=\u00bbcontent\u00bb _module_preset=\u00bbdefault\u00bb header_text_align=\u00bbcenter\u00bb custom_margin=\u00bb||10px||false|false\u00bb custom_padding=\u00bb||0px||false|false\u00bb global_colors_info=\u00bb{}\u00bb]@ET-DC@eyJkeW5hbWljIjp0cnVlLCJjb250ZW50IjoicG9zdF90aXRsZSIsInNldHRpbmdzIjp7ImJlZm9yZSI6IjxoMT4iLCJhZnRlciI6IjwvaDE+In19@[\/et_pb_text][dipi_divider content_type=\u00bbimage\u00bb content_image=\u00bbhttp:\/\/essentialwbbn.es\/wp-content\/uploads\/2024\/02\/essentials_favicon.png\u00bb content_width=\u00bb60px\u00bb _builder_version=\u00bb4.24.2&#8243; _module_preset=\u00bbdefault\u00bb global_colors_info=\u00bb{}\u00bb][\/dipi_divider][et_pb_text quote_border_weight=\u00bb1px\u00bb _builder_version=\u00bb4.24.2&#8243; _module_preset=\u00bbdefault\u00bb global_colors_info=\u00bb{}\u00bb]<\/p>\n<blockquote>\n<h4>Datos del propietario de la web<\/h4>\n<p><strong>Datos del propietario de la web: <\/strong><strong>BABY NIT SL<\/strong><\/p>\n<p><strong>NIF\u00a0<\/strong>B63025753<\/p>\n<p><strong>DIRECCI\u00d3N POSTAL <\/strong>C\/ ANOIA S\/N NAVE 7 POLIGONO INDUSTRIAL URVASA 08130, SANTA PERPETUA DE MOGODA (BARCELONA)<\/p>\n<p><strong>DIRECCI\u00d3N ELECTR\u00d3NICA <\/strong>babynit@babynit.com<\/p>\n<p><strong>TEL\u00c9FONO <\/strong>935740210<\/p>\n<p><strong>REGISTRO MERCANTIL <\/strong>tomo 35144, folio 57, hoja B257480 e inscripci\u00f3n 1<\/p>\n<p><strong>OBJETO PRINCIPAL <\/strong>Confecci\u00f3n de prendas de vestir<\/p>\n<\/blockquote>\n<h2>USUARIO Y R\u00c9GIMEN DE RESPONSABILIDADES<\/h2>\n<p>La navegaci\u00f3n, acceso y uso por el sitio web de BABY NIT SL confiere la condici\u00f3n de usuario, por la que se aceptan, desde la navegaci\u00f3n por el sitio web de BABY NIT SL, todas las condiciones de uso aqu\u00ed establecidas sin perjuicio de la aplicaci\u00f3n de la correspondiente normativa de obligado cumplimiento legal seg\u00fan el caso.<\/p>\n<p>El sitio web de BABY NIT SL proporciona gran diversidad de informaci\u00f3n, servicios y datos. El usuario asume su responsabilidad en el uso correcto del sitio web. Esta responsabilidad se extender\u00e1 a:<\/p>\n<ul>\n<li>La veracidad y licitud de las informaciones aportadas por el usuario en los formularios extendidos por BABY NIT SL para el acceso a ciertos contenidos o servicios ofrecidos por el web.<\/li>\n<li>El uso de la informaci\u00f3n, servicios y datos ofrecidos por BABY NIT SL contrariamente a lo dispuesto por las presentes condiciones, la Ley, la moral, las buenas costumbres o el orden p\u00fablico, o que de cualquier otro modo puedan suponer lesi\u00f3n de los derechos de terceros o del mismo funcionamiento del sitio web.<\/li>\n<\/ul>\n<p>&nbsp;<\/p>\n<h2>POL\u00cdTICA DE ENLACES Y EXENCIONES DE RESPONSABILIDAD<\/h2>\n<p>BABY NIT SL no se hace responsable del contenido de los sitios web a los que el usuario pueda acceder a trav\u00e9s de los enlaces establecidos en su sitio web y declara que en ning\u00fan caso proceder\u00e1 a examinar o ejercitar ning\u00fan tipo de control sobre el contenido de otros sitios de la red. Asimismo, tampoco garantizar\u00e1 la disponibilidad t\u00e9cnica, exactitud, veracidad, validez o legalidad de sitios ajenos a su propiedad a los que se pueda acceder por medio de los enlaces.<\/p>\n<p>BABY NIT SL declara haber adoptado todas las medidas necesarias para evitar cualquier da\u00f1o a los usuarios de su sitio web, que pudieran derivarse de la navegaci\u00f3n por su sitio web. En consecuencia, BABY NIT SL no se asesoramiento y adaptaci\u00f3n a la lssi-ce \u00b7 documentaci\u00f3n hace responsable, en ning\u00fan caso, de los eventuales da\u00f1os que por la navegaci\u00f3n por Internet pudiera sufrir el usuario.<\/p>\n<p>&nbsp;<\/p>\n<h3>MODIFICACIONES<\/h3>\n<p>BABY NIT SL se reserva el derecho a realizar las modificaciones que considere oportunas, sin aviso previo, en el contenido de su sitio web. Tanto en lo referente a los contenidos del sitio web, como en las condiciones de uso del mismo, o en las condiciones generales de contrataci\u00f3n. Dichas modificaciones podr\u00e1n realizarse a trav\u00e9s de su sitio web por cualquier forma admisible en derecho y ser\u00e1n de obligado cumplimiento durante el tiempo en que se encuentren publicadas en el web y hasta que no sean modificadas v\u00e1lidamente por otras posteriores.<\/p>\n<p>&nbsp;<\/p>\n<h2>PROPIEDAD INTELECTUAL E INDUSTRIAL<\/h2>\n<p>BABY NIT SL por s\u00ed misma o como cesionaria, es titular de todos los derechos de propiedad intelectual e industrial de su p\u00e1gina web, as\u00ed como de los elementos contenidos en la misma (a t\u00edtulo enunciativo, im\u00e1genes, sonido, audio, v\u00eddeo, software o textos; marcas o logotipos, combinaciones de colores, estructura y dise\u00f1o, selecci\u00f3n de materiales usados, programas de ordenador necesarios para su funcionamiento, acceso y uso, etc.), titularidad de BABY NIT SL. Ser\u00e1n, por consiguiente, obras protegidas como propiedad intelectual por el ordenamiento jur\u00eddico espa\u00f1ol, si\u00e9ndoles aplicables tanto la normativa espa\u00f1ola y comunitaria en este campo, como los tratados internacionales relativos a la materia y suscritos por Espa\u00f1a.<\/p>\n<p>Todos los derechos reservados. En virtud de lo dispuesto en la Ley de Propiedad Intelectual, quedan expresamente prohibidas la reproducci\u00f3n, la distribuci\u00f3n y la comunicaci\u00f3n p\u00fablica, incluida su modalidad de puesta a disposici\u00f3n, de la totalidad o parte de los contenidos de esta p\u00e1gina web, con fines comerciales, en cualquier soporte y por cualquier medio t\u00e9cnico, sin la autorizaci\u00f3n de BABY NIT SL.<\/p>\n<p>El usuario se compromete a respetar los derechos de Propiedad Intelectual e Industrial titularidad de BABY NIT SL. Podr\u00e1 visualizar los elementos del portal e incluso imprimirlos, copiarlos y almacenarlos en el disco duro de su ordenador o en cualquier otro soporte f\u00edsico siempre y cuando sea, \u00fanica y exclusivamente, para su uso personal y privado. El usuario deber\u00e1 abstenerse de suprimir, alterar, eludir o manipular cualquier dispositivo de protecci\u00f3n o sistema de seguridad que estuviera instalado en las p\u00e1ginas de BABY NIT SL.<\/p>\n<p>&nbsp;<\/p>\n<h2>CERTIFICADO SSL (SECURE SOCKETS LAYER)<\/h2>\n<p>El CERTIFICADO SSL proporciona autenticaci\u00f3n, privacidad y seguridad de la informaci\u00f3n entre BABY NIT SL y el usuario.<\/p>\n<p>BABY NIT SL dispone de un certificado de seguridad que se utiliza por CERTIFICADO SSL para realizar conexiones seguras.<\/p>\n<p>En este proceso se establecen varios par\u00e1metros para realizar la conexi\u00f3n de forma segura y se establece usando llaves preestablecidas, codificando y descodificando todos los datos enviados hasta que la conexi\u00f3n sea cerrada.<\/p>\n<p>&nbsp;<\/p>\n<h2>ACCIONES LEGALES, LEGISLACI\u00d3N APLICABLE Y JURISDICCI\u00d3N<\/h2>\n<p>BABY NIT SL se reserva, asimismo, la facultad de presentar las acciones civiles o penales que considere oportunas por la utilizaci\u00f3n indebida de su sitio web y contenidos, o por el incumplimiento de las presentes condiciones.<\/p>\n<p>La relaci\u00f3n entre el usuario y el prestador se regir\u00e1 por la normativa vigente y de aplicaci\u00f3n en el territorio espa\u00f1ol. De surgir cualquier controversia las partes podr\u00e1n someter sus conflictos a arbitraje o acudir a la jurisdicci\u00f3n ordinaria cumpliendo con las normas sobre jurisdicci\u00f3n y competencia al respecto. BABY NIT SL tiene su domicilio en BARCELONA, Espa\u00f1a. asesoramiento y adaptaci\u00f3n a la lssi-ce \u00b7 documentaci\u00f3n<\/p>\n<p>Los contratos celebrados por v\u00eda electr\u00f3nica en los que intervenga como parte un consumidor se presumir\u00e1n celebrados en el lugar en que \u00e9ste tenga su residencia habitual.<\/p>\n<p>Los contratos electr\u00f3nicos entre empresarios o profesionales, en defecto de pacto entre las partes, se presumir\u00e1n celebrados en el lugar en que est\u00e9 establecido el prestador de servicios.<\/p>\n<p>Resoluci\u00f3n de litigios en l\u00ednea conforme al Art. 14.1 del Reglamento (UE) 524\/2013: La Comisi\u00f3n Europea facilita una plataforma de resoluci\u00f3n de litigios en l\u00ednea, la cual se encuentra disponible en el siguiente enlace: https:\/\/ec.europa.eu\/consumers\/odr\/<br \/>Protecci\u00f3n de datos<\/p>\n<p>De conformidad con la normativa vigente y aplicable en protecci\u00f3n de datos de car\u00e1cter personal, le informamos que sus datos ser\u00e1n incorporados al sistema de tratamiento titularidad de BABY NIT SL con NIF B63025753 y domicilio social sito en C\/ ANOIA S\/N NAVE 7 POLIGONO INDUSTRIAL URVASA 08130, SANTA PERPETUA DE MOGODA (BARCELONA), y que a continuaci\u00f3n se relacionan sus respectivas finalidades, plazos de conservaci\u00f3n y bases legitimadoras. Para aquellos tratamientos que lo requieran, se informa tambi\u00e9n de la posible elaboraci\u00f3n de perfiles y decisiones automatizadas, as\u00ed como las posibles cesiones y las transferencias internacionales que BABY NIT SL tiene previsto realizar:<\/p>\n<p>&nbsp;<\/p>\n<h3>TRATAMIENTOS REALIZADOS<\/h3>\n<blockquote>\n<h4>Gesti\u00f3n de la p\u00e1gina web<\/h4>\n<p><strong>Finalidad:<\/strong> Tratamiento y gesti\u00f3n de los datos necesarios para la funcionalidad de la p\u00e1gina web<\/p>\n<p><strong>Plazo de conservaci\u00f3n:<\/strong> mientras perdure el consentimiento prestado<\/p>\n<p><strong>Base leg\u00edtima:<\/strong> El consentimiento del interesado<\/p>\n<p><strong>Tipolog\u00eda de Datos:<\/strong> Datos meramente identificativos<\/p>\n<p><strong>Cesiones:<\/strong> No se prev\u00e9n<\/p>\n<p><strong>Transferencias internacionales:<\/strong> No se prev\u00e9n<\/p>\n<p><strong>Elaboraciones de perfiles:<\/strong> No se prev\u00e9n<\/p>\n<\/blockquote>\n<p>&nbsp;<\/p>\n<h3>RESPONSABILIDAD DE LOS CONTENIDOS<\/h3>\n<p>Aunque COTTONFISH act\u00faa con la m\u00e1xima diligencia posible, se puede dar el caso de que alg\u00fan dato o informaci\u00f3n no est\u00e9 del todo actualizada en el momento que el usuario del sitio web lo consulte. Por eso Essentials WBBN manifiesta que las referencias de los productos y precios que se presentan en su sitio web tienen una funci\u00f3n orientativa y no obligan a Essentials WBBN hasta la confirmaci\u00f3n expresa. Essentials WBBN se reserva el derecho a modificar unilateralmente, en cualquier momento y sin previo aviso, la presentaci\u00f3n, configuraci\u00f3n y contenidos del web.<\/p>\n<p>COTTON FISH no ser\u00e1 responsable de la informaci\u00f3n que se pueda obtener a trav\u00e9s de enlaces incluidos en el sitio.<\/p>\n<p>[\/et_pb_text][\/et_pb_column][\/et_pb_row][\/et_pb_section]<\/p>\n","protected":false},"excerpt":{"rendered":"<p><div class=\"et_pb_module dipi_divider dipi_divider_0\">\n\t\t\t\t\n\t\t\t\t\n\t\t\t\t\n\t\t\t\t\n\t\t\t\t\n\t\t\t\t\n\t\t\t\t<div class=\"et_pb_module_inner\">\n\t\t\t\t\t\n            <div class=\"dipi-pixel-divider dipi-pixel-divider-row dipi-pixel-divider-image dipi-pixel-divider-mirror\"><div class=\"dipi-td-decoration  dipi-td-decoration-line dipi-td-first\"><\/div>\n            <img decoding=\"async\" class=\"dipi-td-content\" src=\"http:\/\/essentialwbbn.es\/wp-content\/uploads\/2024\/02\/essentials_favicon.png\" \/><div class=\"dipi-td-decoration  dipi-td-decoration-line dipi-td-second\"><\/div><\/div>\n\t\t\t\t<\/div>\n\t\t\t<\/div> Datos del propietario de la web Datos del propietario de la web: BABY NIT SL NIF\u00a0B63025753 DIRECCI\u00d3N POSTAL C\/ ANOIA S\/N NAVE 7 POLIGONO INDUSTRIAL URVASA 08130, SANTA PERPETUA DE MOGODA (BARCELONA) DIRECCI\u00d3N ELECTR\u00d3NICA babynit@babynit.com TEL\u00c9FONO 935740210 REGISTRO MERCANTIL tomo 35144, folio 57, hoja B257480 e inscripci\u00f3n 1 [&hellip;]<\/p>\n","protected":false},"author":2,"featured_media":0,"parent":0,"menu_order":0,"comment_status":"closed","ping_status":"closed","template":"","meta":{"_et_pb_use_builder":"on","_et_pb_old_content":"<!-- wp:divi\/placeholder \/-->","_et_gb_content_width":"","footnotes":""},"class_list":["post-33","page","type-page","status-publish","hentry"],"_links":{"self":[{"href":"https:\/\/essentialwbbn.es\/eng\/wp-json\/wp\/v2\/pages\/33","targetHints":{"allow":["GET"]}}],"collection":[{"href":"https:\/\/essentialwbbn.es\/eng\/wp-json\/wp\/v2\/pages"}],"about":[{"href":"https:\/\/essentialwbbn.es\/eng\/wp-json\/wp\/v2\/types\/page"}],"author":[{"embeddable":true,"href":"https:\/\/essentialwbbn.es\/eng\/wp-json\/wp\/v2\/users\/2"}],"replies":[{"embeddable":true,"href":"https:\/\/essentialwbbn.es\/eng\/wp-json\/wp\/v2\/comments?post=33"}],"version-history":[{"count":0,"href":"https:\/\/essentialwbbn.es\/eng\/wp-json\/wp\/v2\/pages\/33\/revisions"}],"wp:attachment":[{"href":"https:\/\/essentialwbbn.es\/eng\/wp-json\/wp\/v2\/media?parent=33"}],"curies":[{"name":"wp","href":"https:\/\/api.w.org\/{rel}","templated":true}]}}