{"id":35,"date":"2024-02-26T10:27:09","date_gmt":"2024-02-26T09:27:09","guid":{"rendered":"http:\/\/essentialwbbn.es\/?page_id=35"},"modified":"2024-04-19T13:29:34","modified_gmt":"2024-04-19T11:29:34","slug":"politica-de-cookies","status":"publish","type":"page","link":"https:\/\/essentialwbbn.es\/eng\/politica-de-cookies\/","title":{"rendered":"Cookie Policy"},"content":{"rendered":"<p>[et_pb_section fb_built=\u00bb1&#8243; _builder_version=\u00bb4.24.2&#8243; _module_preset=\u00bbdefault\u00bb custom_padding=\u00bb0px|||||\u00bb global_colors_info=\u00bb{}\u00bb][et_pb_row _builder_version=\u00bb4.24.2&#8243; _module_preset=\u00bbdefault\u00bb custom_padding=\u00bb||0px|||\u00bb global_colors_info=\u00bb{}\u00bb][et_pb_column type=\u00bb4_4&#8243; _builder_version=\u00bb4.24.2&#8243; _module_preset=\u00bbdefault\u00bb global_colors_info=\u00bb{}\u00bb][et_pb_text _builder_version=\u00bb4.24.2&#8243; _dynamic_attributes=\u00bbcontent\u00bb _module_preset=\u00bbdefault\u00bb header_text_align=\u00bbcenter\u00bb custom_margin=\u00bb||10px||false|false\u00bb custom_padding=\u00bb||0px||false|false\u00bb global_colors_info=\u00bb{}\u00bb]@ET-DC@eyJkeW5hbWljIjp0cnVlLCJjb250ZW50IjoicG9zdF90aXRsZSIsInNldHRpbmdzIjp7ImJlZm9yZSI6IjxoMT4iLCJhZnRlciI6IjwvaDE+In19@[\/et_pb_text][dipi_divider content_type=\u00bbimage\u00bb content_image=\u00bbhttp:\/\/essentialwbbn.es\/wp-content\/uploads\/2024\/02\/essentials_favicon.png\u00bb content_width=\u00bb60px\u00bb _builder_version=\u00bb4.24.2&#8243; _module_preset=\u00bbdefault\u00bb global_colors_info=\u00bb{}\u00bb][\/dipi_divider][et_pb_text _builder_version=\u00bb4.24.2&#8243; _module_preset=\u00bbdefault\u00bb link_font=\u00bb||||on||||\u00bb global_colors_info=\u00bb{}\u00bb]<\/p>\n<p>Consecuentemente, la utilizaci\u00f3n de cookies se le aplica la presente \u00abPol\u00edtica de Uso de Cookies\u00bb que ha sido elaborada con el fin de que el usuario quede informado de los diferentes usos que se llevan a cabo en estos dispositivos y, pueda consentir su tratamiento de manera informada, de conformidad con lo previsto en la legislaci\u00f3n vigente.<\/p>\n<p>&nbsp;<\/p>\n<h2>\u00bfQu\u00e9 es una cookie?<\/h2>\n<p>Una cookie es un fichero que se descarga en su ordenador al acceder el Usuario a determinadas p\u00e1ginas web. Las cookies permiten a una p\u00e1gina web, entre otras cosas, almacenar y recuperar informaci\u00f3n sobre los h\u00e1bitos de navegaci\u00f3n de un usuario o de su equipo y, dependiendo de la informaci\u00f3n que contengan y de la forma en que utilice su equipo, pueden utilizarse para reconocer al usuario.<\/p>\n<p>&nbsp;<\/p>\n<h2><\/h2>\n<h2>\u00bfQu\u00e9 tipos de cookies existen?<\/h2>\n<p>Existen varios tipos de cookies en funci\u00f3n de distintos criterios:<\/p>\n<p><strong>En funci\u00f3n del tiempo que permanecen activadas:<\/strong><\/p>\n<p>Cookies de sesi\u00f3n. Son un tipo de cookies dise\u00f1adas para recabar y almacenar datos mientras el usuario accede a una p\u00e1gina web.<br \/>Cookies permanentes: Son un tipo de cookies en el que los datos siguen almacenados en el terminal y pueden ser accedidos y tratados durante un periodo definido por el responsable de la cookie.<\/p>\n<p><strong>En funci\u00f3n de la titularidad:<\/strong><\/p>\n<p>Cookies propias. Son las que pertenecen a Essentials WBBN<br \/>Cookies de terceros. Son aquellas cuya titularidad es de un tercero, distinto de Essentials WBBN, que ser\u00e1 quien trate la informaci\u00f3n recabada.<\/p>\n<p><strong>En funci\u00f3n de su finalidad:<\/strong><\/p>\n<p>Cookies t\u00e9cnicas y\/o de personalizaci\u00f3n. Son aqu\u00e9llas que sirven para mejorar el servicio, localizar incidencias, reconocer al usuario, etc.<br \/>Cookies de an\u00e1lisis y\/o de publicidad. Son aqu\u00e9llas que sirven para analizar informaci\u00f3n sobre la navegaci\u00f3n y ofrecer publicidad, sea gen\u00e9rica o personalizada.<\/p>\n<p>&nbsp;<\/p>\n<h2>\u00bfQu\u00e9 tipos de cookies son m\u00e1s habituales?<\/h2>\n<p>T\u00c9CNICAS: Son cookies PROPIAS, de sesi\u00f3n, de identificaci\u00f3n, de configuraci\u00f3n y de registro, estrictamente necesarias para la identificaci\u00f3n del usuario y para la prestaci\u00f3n de los servicios solicitados por el usuario. La informaci\u00f3n obtenida a trav\u00e9s de las mismas es tratada \u00fanicamente por Essentials WBBN<\/p>\n<p>DE AN\u00c1LISIS: Son aqu\u00e9llas que, bien tratadas por nosotros o por terceros, nos permiten cuantificar el n\u00famero de usuarios y as\u00ed realizar la medici\u00f3n y an\u00e1lisis estad\u00edstico de la utilizaci\u00f3n que hacen los usuarios del servicio ofertado. Para ello se analiza su navegaci\u00f3n en nuestra p\u00e1gina web con el fin de mejorar la oferta de productos o servicios que le ofrecemos.<\/p>\n<p>DE PUBLICIDAD: Son aqu\u00e9llas que, bien tratadas por nosotros o por terceros, permiten la gesti\u00f3n, de la forma m\u00e1s eficaz posible, de los espacios publicitarios que se pudieran incluir en nuestra p\u00e1gina web y\/o almacenan informaci\u00f3n del comportamiento de los usuarios obtenida a trav\u00e9s de la observaci\u00f3n continuada. Gracias a ellas, podemos conocer los h\u00e1bitos de navegaci\u00f3n en internet y mostrarle publicidad relacionada con su perfil de navegaci\u00f3n.<\/p>\n<p>&nbsp;<\/p>\n<h2>\u00bfPara qu\u00e9 sirve una cookie?<\/h2>\n<p>Las cookies se utilizan para poder ofrecerle servicios y\/o publicidad personalizados, para analizar el funcionamiento del sistema, reconocerle cuando accede como usuario, localizar incidencias y problemas que puedan surgir y solventarlos en el menor plazo posible, as\u00ed como analizar y medir el uso y actividad de la p\u00e1gina web.<\/p>\n<p>&nbsp;<\/p>\n<h2>\u00bfSe necesita mi consentimiento para implantar una cookie?<\/h2>\n<p>No se precisa el consentimiento para la instalaci\u00f3n de cookies t\u00e9cnicas o las que sean estrictamente necesarias para la prestaci\u00f3n de un servicio de la sociedad de la informaci\u00f3n expresamente solicitado por el destinatario.<\/p>\n<p>Para el resto, s\u00ed se precisa del consentimiento del interesado que se puede solicitar por distintas v\u00edas. En el caso de Essentials WBBN, se entender\u00e1 otorgado si Vd. sigue utilizando la p\u00e1gina web, sin perjuicio de que en cualquier momento podr\u00e1 revocarlo y desactivar las cookies.<\/p>\n<p>&nbsp;<\/p>\n<h2>\u00bfQu\u00e9 tipos de cookies utiliza esta p\u00e1gina web?<\/h2>\n<p>Cookies t\u00e9cnicas: Son aquellas creadas y gestionadas \u00fanicamente por nosotros, y permiten al usuario la navegaci\u00f3n a trav\u00e9s de nuestra p\u00e1gina web y la utilizaci\u00f3n de las diferentes opciones como, por ejemplo, identificar la sesi\u00f3n, personalizar informaci\u00f3n o acceder a zonas de acceso restringido.<\/p>\n<p>El lugar web de www.essentialwbbn.es, utiliza Google Analytics, una herramienta de anal\u00edtica web desarrollada por Google, que ayuda a los propietarios de sitios web a medir c\u00f3mo interact\u00faan los usuarios con el contenido del sitio.\u00a0 Para la prestaci\u00f3n de estos servicios, Google Analytics utilizan cookies que recopilan la informaci\u00f3n, incluida la direcci\u00f3n IP del usuario que ser\u00e1 trasmitida, tratada y almacenada por Google en los t\u00e9rminos fijados en la web Google.com.<\/p>\n<p>Para m\u00e1s informaci\u00f3n ver: <a href=\"https:\/\/developers.google.com\/analytics\/devguides\/collection\/analyticsjs\/cookie-usage\">https:\/\/developers.google.com\/analytics\/devguides\/collection\/analyticsjs\/cookie-usage<\/a><\/p>\n<p>El dominio web www.essentialwbbn.es utilizan los siguientes tipos de cookies:<\/p>\n<table border=\"1\" style=\"border-collapse: collapse; width: 100%;\">\n<tbody>\n<tr>\n<td style=\"width: 33.3333%;\"><strong>Nombre de la cookie<\/strong><\/td>\n<td style=\"width: 33.3333%;\"><strong>Finalidad<\/strong><\/td>\n<td style=\"width: 33.3333%;\"><strong>Expira<\/strong><\/td>\n<\/tr>\n<tr>\n<td style=\"width: 33.3333%;\">_ga<\/td>\n<td style=\"width: 33.3333%;\">Se usa para distinguir a los usuarios.<\/td>\n<td style=\"width: 33.3333%;\">2 a\u00f1os<\/td>\n<\/tr>\n<tr>\n<td style=\"width: 33.3333%;\">_gat_gtag_UA_136252931_1<\/td>\n<td style=\"width: 33.3333%;\">Estas cookies son utilizadas por Google Analytics para recopilar diversa informaci\u00f3n sobre la navegaci\u00f3n del usuario en la web. Por ejemplo, la ubicaci\u00f3n del visitante, detalle de la visita.<\/td>\n<td style=\"width: 33.3333%;\">Al cerrar la sesi\u00f3n<\/td>\n<\/tr>\n<tr>\n<td style=\"width: 33.3333%;\">_gid<\/td>\n<td style=\"width: 33.3333%;\">Se usa para distinguir a los usuarios.<\/td>\n<td style=\"width: 33.3333%;\">1 d\u00eda<\/td>\n<\/tr>\n<tr>\n<td style=\"width: 33.3333%;\">moove_gdpr_popup<\/td>\n<td style=\"width: 33.3333%;\">Para saber se si aceptado las cookies por el usuario<\/td>\n<td style=\"width: 33.3333%;\">1 a\u00f1o<\/td>\n<\/tr>\n<\/tbody>\n<\/table>\n<p>&nbsp;<\/p>\n<h2>\u00bfC\u00f3mo desactivar o configurar las cookies?<\/h2>\n<p>Desactivarlas o permitir en los ajustes en este enlace: configurar cookies del sitio web<\/p>\n<p>Puede permitir, bloquear o eliminar las cookies instaladas en su equipo mediante la configuraci\u00f3n de las opciones del navegador instalado en su ordenador.<\/p>\n<p>Firefox : <a href=\"https:\/\/support.mozilla.org\/es\/kb\/habilitar-y-deshabilitar-cookies-sitios-web-rastrear-preferencias?redirectlocale=es&amp;redirectslug=habilitar-y-deshabilitar-cookies-que-los-sitios-we\">https:\/\/support.mozilla.org\/es\/kb\/habilitar-y-deshabilitar-cookies-sitios-web-rastrear-preferencias?redirectlocale=es&amp;redirectslug=habilitar-y-deshabilitar-cookies-que-los-sitios-we<\/a><\/p>\n<p>Chrome: <a href=\"https:\/\/support.google.com\/chrome\/answer\/95647?hl=es\">https:\/\/support.google.com\/chrome\/answer\/95647?hl=es<\/a><\/p>\n<p>Internet Explorer: <a href=\"https:\/\/support.microsoft.com\/es-es\/products\/windows?os=windows-10\">https:\/\/support.microsoft.com\/es-es\/products\/windows?os=windows-10<\/a><\/p>\n<p>Safari: <a href=\"https:\/\/support.apple.com\/kb\/ph5042?locale=es_ES\">https:\/\/support.apple.com\/kb\/ph5042?locale=es_ES<\/a><\/p>\n<p>Safari para iOS: <a href=\"https:\/\/support.apple.com\/es-es\/HT201265\">https:\/\/support.apple.com\/es-es\/HT201265<\/a><\/p>\n<p>Opera: <a href=\"http:\/\/help.opera.com\/Windows\/11.50\/es-ES\/cookies.html\">http:\/\/help.opera.com\/Windows\/11.50\/es-ES\/cookies.html<\/a><\/p>\n<p>&nbsp;<\/p>\n<h2>Ejercicio de derechos<\/h2>\n<p>Puede conocer y ejercer sus derechos en materia de protecci\u00f3n de datos accediendo a nuestra pol\u00edtica de privacidad <a href=\"\/aviso-legal\/\">Aviso legal<\/a><\/p>\n<p>&nbsp;<\/p>\n<h2>Informaci\u00f3n adicional<\/h2>\n<p>Pueden consultar m\u00e1s informaci\u00f3n en la gu\u00eda sobre el uso de las cookies editada por la AGPD a: <a href=\"https:\/\/www.aepd.es\/sites\/default\/files\/2020-07\/guia-cookies.pdf\">https:\/\/www.aepd.es\/sites\/default\/files\/2020-07\/guia-cookies.pdf<\/a><\/p>\n<p>[\/et_pb_text][\/et_pb_column][\/et_pb_row][\/et_pb_section]<\/p>\n","protected":false},"excerpt":{"rendered":"<p><div class=\"et_pb_module dipi_divider dipi_divider_0\">\n\t\t\t\t\n\t\t\t\t\n\t\t\t\t\n\t\t\t\t\n\t\t\t\t\n\t\t\t\t\n\t\t\t\t<div class=\"et_pb_module_inner\">\n\t\t\t\t\t\n            <div class=\"dipi-pixel-divider dipi-pixel-divider-row dipi-pixel-divider-image dipi-pixel-divider-mirror\"><div class=\"dipi-td-decoration  dipi-td-decoration-line dipi-td-first\"><\/div>\n            <img decoding=\"async\" class=\"dipi-td-content\" src=\"http:\/\/essentialwbbn.es\/wp-content\/uploads\/2024\/02\/essentials_favicon.png\" \/><div class=\"dipi-td-decoration  dipi-td-decoration-line dipi-td-second\"><\/div><\/div>\n\t\t\t\t<\/div>\n\t\t\t<\/div>Consecuentemente, la utilizaci\u00f3n de cookies se le aplica la presente \u00abPol\u00edtica de Uso de Cookies\u00bb que ha sido elaborada con el fin de que el usuario quede informado de los diferentes usos que se llevan a cabo en estos dispositivos y, pueda consentir su tratamiento de manera informada, de [&hellip;]<\/p>\n","protected":false},"author":2,"featured_media":0,"parent":0,"menu_order":0,"comment_status":"closed","ping_status":"closed","template":"","meta":{"_et_pb_use_builder":"on","_et_pb_old_content":"<!-- wp:divi\/placeholder \/-->","_et_gb_content_width":"","footnotes":""},"class_list":["post-35","page","type-page","status-publish","hentry"],"_links":{"self":[{"href":"https:\/\/essentialwbbn.es\/eng\/wp-json\/wp\/v2\/pages\/35","targetHints":{"allow":["GET"]}}],"collection":[{"href":"https:\/\/essentialwbbn.es\/eng\/wp-json\/wp\/v2\/pages"}],"about":[{"href":"https:\/\/essentialwbbn.es\/eng\/wp-json\/wp\/v2\/types\/page"}],"author":[{"embeddable":true,"href":"https:\/\/essentialwbbn.es\/eng\/wp-json\/wp\/v2\/users\/2"}],"replies":[{"embeddable":true,"href":"https:\/\/essentialwbbn.es\/eng\/wp-json\/wp\/v2\/comments?post=35"}],"version-history":[{"count":0,"href":"https:\/\/essentialwbbn.es\/eng\/wp-json\/wp\/v2\/pages\/35\/revisions"}],"wp:attachment":[{"href":"https:\/\/essentialwbbn.es\/eng\/wp-json\/wp\/v2\/media?parent=35"}],"curies":[{"name":"wp","href":"https:\/\/api.w.org\/{rel}","templated":true}]}}